{"id":651,"date":"2024-02-28T19:45:58","date_gmt":"2024-02-28T18:45:58","guid":{"rendered":"https:\/\/porofix.pl\/?page_id=651"},"modified":"2024-03-06T20:40:07","modified_gmt":"2024-03-06T19:40:07","slug":"porofix-profil","status":"publish","type":"page","link":"https:\/\/porofixsystem.pl\/en\/porofix-profil\/","title":{"rendered":"Porofix Profil &#8211; IZOLACJA TERMICZNA SYSTEM\u00d3W OKIENNYCH I DZRZWIOWYCH"},"content":{"rendered":"<div class=\"wp-block-columns alignwide are-vertically-aligned-center is-layout-flex wp-container-core-columns-is-layout-28f84493 wp-block-columns-is-layout-flex\">\n<div class=\"wp-block-column is-vertically-aligned-center is-layout-flow wp-block-column-is-layout-flow\">\n<figure class=\"wp-block-image aligncenter size-full\"><img loading=\"lazy\" decoding=\"async\" width=\"359\" height=\"268\" src=\"http:\/\/porofix.pl\/wp-content\/uploads\/2024\/02\/Image-9.png\" alt=\"\" class=\"wp-image-112\" srcset=\"https:\/\/porofixsystem.pl\/wp-content\/uploads\/2024\/02\/Image-9.png 359w, https:\/\/porofixsystem.pl\/wp-content\/uploads\/2024\/02\/Image-9-300x224.png 300w\" sizes=\"auto, (max-width: 359px) 100vw, 359px\" \/><\/figure>\n<\/div>\n\n\n\n<div class=\"wp-block-column is-vertically-aligned-center is-layout-flow wp-block-column-is-layout-flow\">\n<h2 class=\"wp-block-heading\">Porofix Profil \u2013 Insulation for windows and doors <\/h2>\n\n\n\n<p><strong>Porofix&nbsp;Profil<\/strong>&nbsp;s\u0105 to <strong>wk\u0142ady termiczne<\/strong> wykonane z izolacji <a href=\"https:\/\/porofix.pl\/oferta\/\">aerogelowej<\/a>, powsta\u0142ej w procesie nanotechnologicznym.<\/p>\n\n\n\n<p>Pozwalaj\u0105 one na zastosowanie <strong>dodatkowej przegrody w strefie izolacji termicznej<\/strong> system\u00f3w fasadowych, okienno-drzwiowych, gdzie materia\u0142em podstawowym systemu jest <strong>aluminium, drewno lub PVC.<\/strong><\/p>\n<\/div>\n<\/div>\n\n\n\n<div class=\"wp-block-columns alignwide is-layout-flex wp-container-core-columns-is-layout-e93f1ee5 wp-block-columns-is-layout-flex\" style=\"padding-top:var(--wp--preset--spacing--70)\">\n<div class=\"wp-block-column is-layout-flow wp-block-column-is-layout-flow\">\n<h2 class=\"wp-block-heading\"><strong>PHYSICAL PROPERTIES OF POROFIX PROFIL<\/strong> &#8211; IZOLACJA TERMICZNA<\/h2>\n\n\n\n<figure class=\"wp-block-image size-full\"><img loading=\"lazy\" decoding=\"async\" width=\"1024\" height=\"621\" src=\"https:\/\/porofix.pl\/wp-content\/uploads\/2024\/02\/tabelka-rama-eng-1.png\" alt=\"\" class=\"wp-image-527\" srcset=\"\" sizes=\"auto, (max-width: 1024px) 100vw, 1024px\" data-srcset=\"\" \/><\/figure>\n<\/div>\n<\/div>\n\n\n\n<div class=\"wp-block-columns alignwide is-layout-flex wp-container-core-columns-is-layout-a949c900 wp-block-columns-is-layout-flex\" style=\"padding-top:var(--wp--preset--spacing--70);padding-bottom:var(--wp--preset--spacing--50)\">\n<div class=\"wp-block-column is-layout-flow wp-block-column-is-layout-flow\">\n<h2 class=\"wp-block-heading\"><strong>Thermal isolation<\/strong> for windows and doors Porofix Profile presentation:<\/h2>\n\n\n\n<figure class=\"wp-block-embed is-type-video is-provider-youtube wp-block-embed-youtube wp-embed-aspect-16-9 wp-has-aspect-ratio\"><div class=\"wp-block-embed__wrapper\">\n<iframe loading=\"lazy\" title=\"Porofix Profil - IZOLACJA TERMICZNA SYSTEM\u00d3W OKIENNYCH I DZRZWIOWYCH\" width=\"500\" height=\"281\" src=\"https:\/\/www.youtube.com\/embed\/ZNQBX5Vkj3g?start=12&#038;feature=oembed\" frameborder=\"0\" allow=\"accelerometer; autoplay; clipboard-write; encrypted-media; gyroscope; picture-in-picture; web-share\" referrerpolicy=\"strict-origin-when-cross-origin\" allowfullscreen><\/iframe>\n<\/div><\/figure>\n<\/div>\n<\/div>\n\n\n\n<div class=\"wp-block-columns alignwide is-layout-flex wp-container-core-columns-is-layout-e93f1ee5 wp-block-columns-is-layout-flex\" style=\"padding-top:var(--wp--preset--spacing--70)\">\n<div class=\"wp-block-column is-vertically-aligned-center is-layout-flow wp-block-column-is-layout-flow\">\n<h2 class=\"wp-block-heading\"><strong>EXAMPLES OF USE <a href=\"https:\/\/porofixsystem.pl\/en\/\">POROFIX<\/a> PROFIL \u2013 THERMAL INSULATION OF WINDOW SYSTEMS<\/strong><\/h2>\n\n\n\n<div style=\"height:48px\" aria-hidden=\"true\" class=\"wp-block-spacer\"><\/div>\n\n\n\n<div class=\"wp-block-columns are-vertically-aligned-center is-layout-flex wp-container-core-columns-is-layout-28f84493 wp-block-columns-is-layout-flex\">\n<div class=\"wp-block-column is-vertically-aligned-center is-layout-flow wp-block-column-is-layout-flow\">\n<figure class=\"wp-block-image aligncenter size-full\"><img loading=\"lazy\" decoding=\"async\" width=\"359\" height=\"268\" src=\"http:\/\/porofix.pl\/wp-content\/uploads\/2024\/02\/Image-9.png\" alt=\"Izolacja termiczna - Porofix Profil\" class=\"wp-image-112\" srcset=\"https:\/\/porofixsystem.pl\/wp-content\/uploads\/2024\/02\/Image-9.png 359w, https:\/\/porofixsystem.pl\/wp-content\/uploads\/2024\/02\/Image-9-300x224.png 300w\" sizes=\"auto, (max-width: 359px) 100vw, 359px\" \/><\/figure>\n<\/div>\n\n\n\n<div class=\"wp-block-column is-vertically-aligned-center is-layout-flow wp-block-column-is-layout-flow\">\n<figure class=\"wp-block-image aligncenter size-full\"><img loading=\"lazy\" decoding=\"async\" width=\"643\" height=\"955\" src=\"https:\/\/porofix.pl\/wp-content\/uploads\/2024\/02\/profil-2.png\" alt=\"Izolacja termiczna - Porofix Profil\" class=\"wp-image-528\" srcset=\"https:\/\/porofixsystem.pl\/wp-content\/uploads\/2024\/02\/profil-2.png 643w, https:\/\/porofixsystem.pl\/wp-content\/uploads\/2024\/02\/profil-2-202x300.png 202w\" sizes=\"auto, (max-width: 643px) 100vw, 643px\" \/><\/figure>\n<\/div>\n\n\n\n<div class=\"wp-block-column is-vertically-aligned-center is-layout-flow wp-block-column-is-layout-flow\">\n<figure class=\"wp-block-image aligncenter size-full\"><img loading=\"lazy\" decoding=\"async\" width=\"525\" height=\"861\" src=\"http:\/\/porofix.pl\/wp-content\/uploads\/2024\/02\/profil-4.png\" alt=\"\" class=\"wp-image-529\" srcset=\"https:\/\/porofixsystem.pl\/wp-content\/uploads\/2024\/02\/profil-4.png 525w, https:\/\/porofixsystem.pl\/wp-content\/uploads\/2024\/02\/profil-4-183x300.png 183w\" sizes=\"auto, (max-width: 525px) 100vw, 525px\" \/><\/figure>\n<\/div>\n<\/div>\n<\/div>\n<\/div>\n\n\n\n<div class=\"wp-block-group alignwide is-layout-constrained wp-container-core-group-is-layout-92d4119c wp-block-group-is-layout-constrained\" style=\"margin-top:0px;margin-bottom:0px;padding-top:64px;padding-right:var(--wp--preset--spacing--20);padding-bottom:64px;padding-left:var(--wp--preset--spacing--20)\">\n<h2 class=\"wp-block-heading alignwide\">See too:<\/h2>\n\n\n\n<div class=\"wp-block-query alignwide is-layout-flow wp-block-query-is-layout-flow\"><ul class=\"columns-3 wp-block-post-template is-layout-grid wp-container-core-post-template-is-layout-6d3fbd8f wp-block-post-template-is-layout-grid\"><li class=\"wp-block-post post-1537 post type-post status-publish format-standard has-post-thumbnail hentry category-izolacja tag-aerogel tag-aerozel tag-izolacja tag-izolacja-cieplna tag-izolacja-przemyslowa tag-izolacja-termiczna tag-porogel\">\n<figure class=\"wp-block-post-featured-image\"><a href=\"https:\/\/porofixsystem.pl\/en\/izolacja-trojnikow-w-instalacji-przemyslowej-aerogel\/\" target=\"_self\"  ><img loading=\"lazy\" decoding=\"async\" width=\"2475\" height=\"1650\" src=\"https:\/\/porofixsystem.pl\/wp-content\/uploads\/2026\/03\/Izolacja-termiczna-trojnikow-rurociagow-z-Aerogelu.jpg\" class=\"attachment-post-thumbnail size-post-thumbnail wp-post-image\" alt=\"Izolacja termiczna tr\u00f3jnik\u00f3w w instalacji przemys\u0142owej &#8211; Aero\u017cel (Aerogel)\" style=\"object-fit:cover;\" srcset=\"https:\/\/porofixsystem.pl\/wp-content\/uploads\/2026\/03\/Izolacja-termiczna-trojnikow-rurociagow-z-Aerogelu.jpg 2475w, https:\/\/porofixsystem.pl\/wp-content\/uploads\/2026\/03\/Izolacja-termiczna-trojnikow-rurociagow-z-Aerogelu-300x200.jpg 300w, https:\/\/porofixsystem.pl\/wp-content\/uploads\/2026\/03\/Izolacja-termiczna-trojnikow-rurociagow-z-Aerogelu-1024x683.jpg 1024w, https:\/\/porofixsystem.pl\/wp-content\/uploads\/2026\/03\/Izolacja-termiczna-trojnikow-rurociagow-z-Aerogelu-768x512.jpg 768w, https:\/\/porofixsystem.pl\/wp-content\/uploads\/2026\/03\/Izolacja-termiczna-trojnikow-rurociagow-z-Aerogelu-1536x1024.jpg 1536w, https:\/\/porofixsystem.pl\/wp-content\/uploads\/2026\/03\/Izolacja-termiczna-trojnikow-rurociagow-z-Aerogelu-2048x1365.jpg 2048w, https:\/\/porofixsystem.pl\/wp-content\/uploads\/2026\/03\/Izolacja-termiczna-trojnikow-rurociagow-z-Aerogelu-18x12.jpg 18w\" sizes=\"auto, (max-width: 2475px) 100vw, 2475px\" \/><\/a><\/figure>\n\n<h3 class=\"wp-block-post-title\"><a href=\"https:\/\/porofixsystem.pl\/en\/izolacja-trojnikow-w-instalacji-przemyslowej-aerogel\/\" target=\"_self\" >Izolacja termiczna tr\u00f3jnik\u00f3w w instalacji przemys\u0142owej &#8211; Aero\u017cel (Aerogel)<\/a><\/h3>\n<\/li><li class=\"wp-block-post post-1533 post type-post status-publish format-standard has-post-thumbnail hentry category-izolacja tag-aerogel tag-aerozel tag-izolacja tag-izolacja-cieplna tag-izolacja-przemyslowa tag-izolacja-termiczna tag-porogel\">\n<figure class=\"wp-block-post-featured-image\"><a href=\"https:\/\/porofixsystem.pl\/en\/izolacja-kolan-w-instalacji-przemyslowej-aerogel\/\" target=\"_self\"  ><img loading=\"lazy\" decoding=\"async\" width=\"2475\" height=\"1650\" src=\"https:\/\/porofixsystem.pl\/wp-content\/uploads\/2026\/03\/Izolacja-termiczna-kolan-rurociagow-z-Aerogelu.jpg\" class=\"attachment-post-thumbnail size-post-thumbnail wp-post-image\" alt=\"Izolacja termiczna kolan w instalacji przemys\u0142owej &#8211; Aero\u017cel (Aerogel)\" style=\"object-fit:cover;\" srcset=\"https:\/\/porofixsystem.pl\/wp-content\/uploads\/2026\/03\/Izolacja-termiczna-kolan-rurociagow-z-Aerogelu.jpg 2475w, https:\/\/porofixsystem.pl\/wp-content\/uploads\/2026\/03\/Izolacja-termiczna-kolan-rurociagow-z-Aerogelu-300x200.jpg 300w, https:\/\/porofixsystem.pl\/wp-content\/uploads\/2026\/03\/Izolacja-termiczna-kolan-rurociagow-z-Aerogelu-1024x683.jpg 1024w, https:\/\/porofixsystem.pl\/wp-content\/uploads\/2026\/03\/Izolacja-termiczna-kolan-rurociagow-z-Aerogelu-768x512.jpg 768w, https:\/\/porofixsystem.pl\/wp-content\/uploads\/2026\/03\/Izolacja-termiczna-kolan-rurociagow-z-Aerogelu-1536x1024.jpg 1536w, https:\/\/porofixsystem.pl\/wp-content\/uploads\/2026\/03\/Izolacja-termiczna-kolan-rurociagow-z-Aerogelu-2048x1365.jpg 2048w, https:\/\/porofixsystem.pl\/wp-content\/uploads\/2026\/03\/Izolacja-termiczna-kolan-rurociagow-z-Aerogelu-18x12.jpg 18w\" sizes=\"auto, (max-width: 2475px) 100vw, 2475px\" \/><\/a><\/figure>\n\n<h3 class=\"wp-block-post-title\"><a href=\"https:\/\/porofixsystem.pl\/en\/izolacja-kolan-w-instalacji-przemyslowej-aerogel\/\" target=\"_self\" >Izolacja termiczna kolan w instalacji przemys\u0142owej &#8211; Aero\u017cel (Aerogel)<\/a><\/h3>\n<\/li><li class=\"wp-block-post post-1528 post type-post status-publish format-standard has-post-thumbnail hentry category-izolacja tag-aerogel tag-aerozel tag-izolacja tag-izolacja-cieplna tag-izolacja-przemyslowa tag-izolacja-termiczna tag-porogel\">\n<figure class=\"wp-block-post-featured-image\"><a href=\"https:\/\/porofixsystem.pl\/en\/izolacja-niestandardowych-elementow-instalacji\/\" target=\"_self\"  ><img loading=\"lazy\" decoding=\"async\" width=\"2475\" height=\"1650\" src=\"https:\/\/porofixsystem.pl\/wp-content\/uploads\/2026\/02\/izolacja-niestandardowych-elementow-instalacji.jpg\" class=\"attachment-post-thumbnail size-post-thumbnail wp-post-image\" alt=\"Izolacja niestandardowych element\u00f3w instalacji &#8211; Aero\u017cel (Aerogel)\" style=\"object-fit:cover;\" srcset=\"https:\/\/porofixsystem.pl\/wp-content\/uploads\/2026\/02\/izolacja-niestandardowych-elementow-instalacji.jpg 2475w, https:\/\/porofixsystem.pl\/wp-content\/uploads\/2026\/02\/izolacja-niestandardowych-elementow-instalacji-300x200.jpg 300w, https:\/\/porofixsystem.pl\/wp-content\/uploads\/2026\/02\/izolacja-niestandardowych-elementow-instalacji-1024x683.jpg 1024w, https:\/\/porofixsystem.pl\/wp-content\/uploads\/2026\/02\/izolacja-niestandardowych-elementow-instalacji-768x512.jpg 768w, https:\/\/porofixsystem.pl\/wp-content\/uploads\/2026\/02\/izolacja-niestandardowych-elementow-instalacji-1536x1024.jpg 1536w, https:\/\/porofixsystem.pl\/wp-content\/uploads\/2026\/02\/izolacja-niestandardowych-elementow-instalacji-2048x1365.jpg 2048w, https:\/\/porofixsystem.pl\/wp-content\/uploads\/2026\/02\/izolacja-niestandardowych-elementow-instalacji-18x12.jpg 18w\" sizes=\"auto, (max-width: 2475px) 100vw, 2475px\" \/><\/a><\/figure>\n\n<h3 class=\"wp-block-post-title\"><a href=\"https:\/\/porofixsystem.pl\/en\/izolacja-niestandardowych-elementow-instalacji\/\" target=\"_self\" >Izolacja niestandardowych element\u00f3w instalacji &#8211; Aero\u017cel (Aerogel)<\/a><\/h3>\n<\/li><\/ul>\n\n<\/div>\n<\/div>","protected":false},"excerpt":{"rendered":"<p>Porofix Profil &#8211; Izolacja dla okien i drzwi Porofix&nbsp;Profil&nbsp;s\u0105 to wk\u0142ady termiczne wykonane z izolacji aerogelowej, powsta\u0142ej w procesie nanotechnologicznym. Pozwalaj\u0105 one na zastosowanie dodatkowej przegrody w strefie izolacji termicznej system\u00f3w fasadowych, okienno-drzwiowych, gdzie materia\u0142em podstawowym systemu jest aluminium, drewno lub PVC. W\u0141A\u015aCIWO\u015aCI FIZYCZNE POROFIX PROFIL &#8211; IZOLACJA TERMICZNA Izolacja termiczna dla okien i drzwi [&hellip;]<\/p>\n","protected":false},"author":1,"featured_media":112,"parent":0,"menu_order":0,"comment_status":"closed","ping_status":"closed","template":"","meta":{"footnotes":""},"categories":[15],"tags":[],"class_list":["post-651","page","type-page","status-publish","has-post-thumbnail","hentry","category-produkty"],"yoast_head":"<!-- This site is optimized with the Yoast SEO plugin v27.4 - https:\/\/yoast.com\/product\/yoast-seo-wordpress\/ -->\n<title>Izolacja termiczna dla okien i drzwi! - Porofix Profil | Porofix System<\/title>\n<meta name=\"description\" content=\"Izolacja termiczna dla okien i drzwi jest jednym z kluczowych element\u00f3w budynku, dzi\u0119ki kt\u00f3rym znacznie ograniczymy strat\u0119 ciep\u0142a.\" \/>\n<meta name=\"robots\" content=\"index, follow, max-snippet:-1, max-image-preview:large, max-video-preview:-1\" \/>\n<link rel=\"canonical\" href=\"https:\/\/porofixsystem.pl\/en\/porofix-profil\/\" \/>\n<meta property=\"og:locale\" content=\"en_GB\" \/>\n<meta property=\"og:type\" content=\"article\" \/>\n<meta property=\"og:title\" content=\"Izolacja termiczna dla okien i drzwi! - Porofix Profil | Porofix System\" \/>\n<meta property=\"og:description\" content=\"Izolacja termiczna dla okien i drzwi jest jednym z kluczowych element\u00f3w budynku, dzi\u0119ki kt\u00f3rym znacznie ograniczymy strat\u0119 ciep\u0142a.\" \/>\n<meta property=\"og:url\" content=\"https:\/\/porofixsystem.pl\/en\/porofix-profil\/\" \/>\n<meta property=\"og:site_name\" content=\"Porofix System\" \/>\n<meta property=\"article:publisher\" content=\"https:\/\/www.facebook.com\/porofixsystem\" \/>\n<meta property=\"article:modified_time\" content=\"2024-03-06T19:40:07+00:00\" \/>\n<meta property=\"og:image\" content=\"https:\/\/porofixsystem.pl\/wp-content\/uploads\/2024\/02\/Image-9.png\" \/>\n\t<meta property=\"og:image:width\" content=\"359\" \/>\n\t<meta property=\"og:image:height\" content=\"268\" \/>\n\t<meta property=\"og:image:type\" content=\"image\/png\" \/>\n<meta name=\"twitter:card\" content=\"summary_large_image\" \/>\n<meta name=\"twitter:label1\" content=\"Estimated reading time\" \/>\n\t<meta name=\"twitter:data1\" content=\"1 minute\" \/>\n<script type=\"application\/ld+json\" class=\"yoast-schema-graph\">{\"@context\":\"https:\\\/\\\/schema.org\",\"@graph\":[{\"@type\":\"WebPage\",\"@id\":\"https:\\\/\\\/porofixsystem.pl\\\/porofix-profil\\\/\",\"url\":\"https:\\\/\\\/porofixsystem.pl\\\/porofix-profil\\\/\",\"name\":\"Izolacja termiczna dla okien i drzwi! - Porofix Profil | Porofix System\",\"isPartOf\":{\"@id\":\"https:\\\/\\\/porofixsystem.pl\\\/#website\"},\"primaryImageOfPage\":{\"@id\":\"https:\\\/\\\/porofixsystem.pl\\\/porofix-profil\\\/#primaryimage\"},\"image\":{\"@id\":\"https:\\\/\\\/porofixsystem.pl\\\/porofix-profil\\\/#primaryimage\"},\"thumbnailUrl\":\"https:\\\/\\\/porofixsystem.pl\\\/wp-content\\\/uploads\\\/2024\\\/02\\\/Image-9.png\",\"datePublished\":\"2024-02-28T18:45:58+00:00\",\"dateModified\":\"2024-03-06T19:40:07+00:00\",\"description\":\"Izolacja termiczna dla okien i drzwi jest jednym z kluczowych element\u00f3w budynku, dzi\u0119ki kt\u00f3rym znacznie ograniczymy strat\u0119 ciep\u0142a.\",\"inLanguage\":\"en-GB\",\"potentialAction\":[{\"@type\":\"ReadAction\",\"target\":[\"https:\\\/\\\/porofixsystem.pl\\\/porofix-profil\\\/\"]}]},{\"@type\":\"ImageObject\",\"inLanguage\":\"en-GB\",\"@id\":\"https:\\\/\\\/porofixsystem.pl\\\/porofix-profil\\\/#primaryimage\",\"url\":\"https:\\\/\\\/porofixsystem.pl\\\/wp-content\\\/uploads\\\/2024\\\/02\\\/Image-9.png\",\"contentUrl\":\"https:\\\/\\\/porofixsystem.pl\\\/wp-content\\\/uploads\\\/2024\\\/02\\\/Image-9.png\",\"width\":359,\"height\":268},{\"@type\":\"WebSite\",\"@id\":\"https:\\\/\\\/porofixsystem.pl\\\/#website\",\"url\":\"https:\\\/\\\/porofixsystem.pl\\\/\",\"name\":\"Porofix System\",\"description\":\"IZOLACJA TERMICZNA CIEPLNA TECHNICZNA DLA FIRMY I DOMU\",\"publisher\":{\"@id\":\"https:\\\/\\\/porofixsystem.pl\\\/#organization\"},\"potentialAction\":[{\"@type\":\"SearchAction\",\"target\":{\"@type\":\"EntryPoint\",\"urlTemplate\":\"https:\\\/\\\/porofixsystem.pl\\\/?s={search_term_string}\"},\"query-input\":{\"@type\":\"PropertyValueSpecification\",\"valueRequired\":true,\"valueName\":\"search_term_string\"}}],\"inLanguage\":\"en-GB\"},{\"@type\":\"Organization\",\"@id\":\"https:\\\/\\\/porofixsystem.pl\\\/#organization\",\"name\":\"Porofix System\",\"url\":\"https:\\\/\\\/porofixsystem.pl\\\/\",\"logo\":{\"@type\":\"ImageObject\",\"inLanguage\":\"en-GB\",\"@id\":\"https:\\\/\\\/porofixsystem.pl\\\/#\\\/schema\\\/logo\\\/image\\\/\",\"url\":\"https:\\\/\\\/porofixsystem.pl\\\/wp-content\\\/uploads\\\/2024\\\/02\\\/cropped-Logo-Porofix-System-jakosc.png\",\"contentUrl\":\"https:\\\/\\\/porofixsystem.pl\\\/wp-content\\\/uploads\\\/2024\\\/02\\\/cropped-Logo-Porofix-System-jakosc.png\",\"width\":200,\"height\":74,\"caption\":\"Porofix System\"},\"image\":{\"@id\":\"https:\\\/\\\/porofixsystem.pl\\\/#\\\/schema\\\/logo\\\/image\\\/\"},\"sameAs\":[\"https:\\\/\\\/www.facebook.com\\\/porofixsystem\"]}]}<\/script>\n<!-- \/ Yoast SEO plugin. -->","yoast_head_json":{"title":"Izolacja termiczna dla okien i drzwi! - Porofix Profil | Porofix System","description":"Izolacja termiczna dla okien i drzwi jest jednym z kluczowych element\u00f3w budynku, dzi\u0119ki kt\u00f3rym znacznie ograniczymy strat\u0119 ciep\u0142a.","robots":{"index":"index","follow":"follow","max-snippet":"max-snippet:-1","max-image-preview":"max-image-preview:large","max-video-preview":"max-video-preview:-1"},"canonical":"https:\/\/porofixsystem.pl\/en\/porofix-profil\/","og_locale":"en_GB","og_type":"article","og_title":"Izolacja termiczna dla okien i drzwi! - Porofix Profil | Porofix System","og_description":"Izolacja termiczna dla okien i drzwi jest jednym z kluczowych element\u00f3w budynku, dzi\u0119ki kt\u00f3rym znacznie ograniczymy strat\u0119 ciep\u0142a.","og_url":"https:\/\/porofixsystem.pl\/en\/porofix-profil\/","og_site_name":"Porofix System","article_publisher":"https:\/\/www.facebook.com\/porofixsystem","article_modified_time":"2024-03-06T19:40:07+00:00","og_image":[{"width":359,"height":268,"url":"https:\/\/porofixsystem.pl\/wp-content\/uploads\/2024\/02\/Image-9.png","type":"image\/png"}],"twitter_card":"summary_large_image","twitter_misc":{"Estimated reading time":"1 minute"},"schema":{"@context":"https:\/\/schema.org","@graph":[{"@type":"WebPage","@id":"https:\/\/porofixsystem.pl\/porofix-profil\/","url":"https:\/\/porofixsystem.pl\/porofix-profil\/","name":"Izolacja termiczna dla okien i drzwi! - Porofix Profil | Porofix System","isPartOf":{"@id":"https:\/\/porofixsystem.pl\/#website"},"primaryImageOfPage":{"@id":"https:\/\/porofixsystem.pl\/porofix-profil\/#primaryimage"},"image":{"@id":"https:\/\/porofixsystem.pl\/porofix-profil\/#primaryimage"},"thumbnailUrl":"https:\/\/porofixsystem.pl\/wp-content\/uploads\/2024\/02\/Image-9.png","datePublished":"2024-02-28T18:45:58+00:00","dateModified":"2024-03-06T19:40:07+00:00","description":"Izolacja termiczna dla okien i drzwi jest jednym z kluczowych element\u00f3w budynku, dzi\u0119ki kt\u00f3rym znacznie ograniczymy strat\u0119 ciep\u0142a.","inLanguage":"en-GB","potentialAction":[{"@type":"ReadAction","target":["https:\/\/porofixsystem.pl\/porofix-profil\/"]}]},{"@type":"ImageObject","inLanguage":"en-GB","@id":"https:\/\/porofixsystem.pl\/porofix-profil\/#primaryimage","url":"https:\/\/porofixsystem.pl\/wp-content\/uploads\/2024\/02\/Image-9.png","contentUrl":"https:\/\/porofixsystem.pl\/wp-content\/uploads\/2024\/02\/Image-9.png","width":359,"height":268},{"@type":"WebSite","@id":"https:\/\/porofixsystem.pl\/#website","url":"https:\/\/porofixsystem.pl\/","name":"product","description":"IZOLACJA TERMICZNA CIEPLNA TECHNICZNA DLA FIRMY I DOMU","publisher":{"@id":"https:\/\/porofixsystem.pl\/#organization"},"potentialAction":[{"@type":"SearchAction","target":{"@type":"EntryPoint","urlTemplate":"https:\/\/porofixsystem.pl\/?s={search_term_string}"},"query-input":{"@type":"PropertyValueSpecification","valueRequired":true,"valueName":"search_term_string"}}],"inLanguage":"en-GB"},{"@type":"Organization","@id":"https:\/\/porofixsystem.pl\/#organization","name":"product","url":"https:\/\/porofixsystem.pl\/","logo":{"@type":"ImageObject","inLanguage":"en-GB","@id":"https:\/\/porofixsystem.pl\/#\/schema\/logo\/image\/","url":"https:\/\/porofixsystem.pl\/wp-content\/uploads\/2024\/02\/cropped-Logo-Porofix-System-jakosc.png","contentUrl":"https:\/\/porofixsystem.pl\/wp-content\/uploads\/2024\/02\/cropped-Logo-Porofix-System-jakosc.png","width":200,"height":74,"caption":"Porofix System"},"image":{"@id":"https:\/\/porofixsystem.pl\/#\/schema\/logo\/image\/"},"sameAs":["https:\/\/www.facebook.com\/porofixsystem"]}]}},"_links":{"self":[{"href":"https:\/\/porofixsystem.pl\/en\/wp-json\/wp\/v2\/pages\/651","targetHints":{"allow":["GET"]}}],"collection":[{"href":"https:\/\/porofixsystem.pl\/en\/wp-json\/wp\/v2\/pages"}],"about":[{"href":"https:\/\/porofixsystem.pl\/en\/wp-json\/wp\/v2\/types\/page"}],"author":[{"embeddable":true,"href":"https:\/\/porofixsystem.pl\/en\/wp-json\/wp\/v2\/users\/1"}],"replies":[{"embeddable":true,"href":"https:\/\/porofixsystem.pl\/en\/wp-json\/wp\/v2\/comments?post=651"}],"version-history":[{"count":3,"href":"https:\/\/porofixsystem.pl\/en\/wp-json\/wp\/v2\/pages\/651\/revisions"}],"predecessor-version":[{"id":902,"href":"https:\/\/porofixsystem.pl\/en\/wp-json\/wp\/v2\/pages\/651\/revisions\/902"}],"wp:featuredmedia":[{"embeddable":true,"href":"https:\/\/porofixsystem.pl\/en\/wp-json\/wp\/v2\/media\/112"}],"wp:attachment":[{"href":"https:\/\/porofixsystem.pl\/en\/wp-json\/wp\/v2\/media?parent=651"}],"wp:term":[{"taxonomy":"category","embeddable":true,"href":"https:\/\/porofixsystem.pl\/en\/wp-json\/wp\/v2\/categories?post=651"},{"taxonomy":"post_tag","embeddable":true,"href":"https:\/\/porofixsystem.pl\/en\/wp-json\/wp\/v2\/tags?post=651"}],"curies":[{"name":"wp","href":"https:\/\/api.w.org\/{rel}","templated":true}]}}