{"id":543,"date":"2024-02-17T20:53:51","date_gmt":"2024-02-17T19:53:51","guid":{"rendered":"https:\/\/porofix.pl\/?page_id=543"},"modified":"2024-03-06T20:27:53","modified_gmt":"2024-03-06T19:27:53","slug":"fotowoltaika","status":"publish","type":"page","link":"https:\/\/porofixsystem.pl\/en\/fotowoltaika\/","title":{"rendered":"PHOTOVOLTAICS"},"content":{"rendered":"<div class=\"wp-block-columns alignwide is-layout-flex wp-container-core-columns-is-layout-28f84493 wp-block-columns-is-layout-flex\">\n<div class=\"wp-block-column is-vertically-aligned-center is-layout-flow wp-block-column-is-layout-flow\">\n<figure class=\"wp-block-image aligncenter size-full\"><img loading=\"lazy\" decoding=\"async\" width=\"522\" height=\"677\" src=\"http:\/\/porofix.pl\/wp-content\/uploads\/2024\/02\/kmftg.png\" alt=\"\" class=\"wp-image-544\" srcset=\"https:\/\/porofixsystem.pl\/wp-content\/uploads\/2024\/02\/kmftg.png 522w, https:\/\/porofixsystem.pl\/wp-content\/uploads\/2024\/02\/kmftg-231x300.png 231w\" sizes=\"auto, (max-width: 522px) 100vw, 522px\" \/><\/figure>\n<\/div>\n\n\n\n<div class=\"wp-block-column is-vertically-aligned-center is-layout-flow wp-block-column-is-layout-flow\">\n<h2 class=\"wp-block-heading\">ENERGY FROM THE SUN: THE BENEFITS OF PHOTOVOLTAICS<\/h2>\n\n\n\n<p>Electricity can be <strong>produced in an environmentally friendly way<\/strong>, and the solution that makes this possible is photovoltaics.<\/p>\n\n\n\n<p>Home solar power plants <strong>not only protect our planet<\/strong>, but also bring financial benefits.<\/p>\n\n\n\n<p>Thanks to them <strong>you can achieve energy independence and avoid sudden increases in electricity prices<\/strong> over many years.<\/p>\n\n\n\n<p><strong>This is why more and more people decide to install<\/strong> photovoltaic panels in their homes, companies, farms and institutions.<\/p>\n\n\n\n<p>Photovoltaics is not only a step towards sustainable development, but also <strong><a href=\"https:\/\/porofix.pl\/oferta\/\">an investment in the future<\/a><\/strong>, that allows <strong>you to save on electricity bills<\/strong> and contribute to the protection of our natural environment.<\/p>\n<\/div>\n<\/div>\n\n\n\n<div class=\"wp-block-columns alignwide are-vertically-aligned-center is-layout-flex wp-container-core-columns-is-layout-e93f1ee5 wp-block-columns-is-layout-flex\" style=\"padding-top:var(--wp--preset--spacing--70)\">\n<div class=\"wp-block-column is-vertically-aligned-center is-layout-flow wp-block-column-is-layout-flow\">\n<h2 class=\"wp-block-heading\"><strong>HOW DO PHOTOVOLTAIC MODULES WORK?<\/strong><\/h2>\n\n\n\n<div class=\"wp-block-columns are-vertically-aligned-center is-layout-flex wp-container-core-columns-is-layout-12a0b04b wp-block-columns-is-layout-flex\" style=\"padding-top:var(--wp--preset--spacing--40)\">\n<div class=\"wp-block-column is-vertically-aligned-center is-layout-flow wp-block-column-is-layout-flow\">\n<p><strong>Photovoltaic energy production<\/strong> is based on the so-called photovoltaic effect, thanks to which electricity is produced.<\/p>\n\n\n\n<p>It uses renewable energy, i.e. solar radiation. Each <strong>photovoltaic module consists<\/strong> of interconnected photovoltaic cells.<\/p>\n\n\n\n<p>The battery is made of silicon, a semiconductor material. The sunlight that reaches the cell consists of photons that collide with electrons, setting them in motion. <strong>This creates electricity.<\/strong><\/p>\n\n\n\n<p>In order for the electricity generated by photovoltaic panels to power electrical devices, <strong>direct current must be converted into alternating current<\/strong>, which then flows in the socket.<\/p>\n<\/div>\n\n\n\n<div class=\"wp-block-column is-vertically-aligned-center is-layout-flow wp-block-column-is-layout-flow\">\n<figure class=\"wp-block-image aligncenter size-large\"><img loading=\"lazy\" decoding=\"async\" width=\"1024\" height=\"683\" src=\"http:\/\/porofix.pl\/wp-content\/uploads\/2024\/02\/AdobeStock_340013678-1024x683.jpeg\" alt=\"Fotowoltaika - energia z s\u0142o\u0144ca\" class=\"wp-image-234\" srcset=\"https:\/\/porofixsystem.pl\/wp-content\/uploads\/2024\/02\/AdobeStock_340013678-1024x683.jpeg 1024w, https:\/\/porofixsystem.pl\/wp-content\/uploads\/2024\/02\/AdobeStock_340013678-300x200.jpeg 300w, https:\/\/porofixsystem.pl\/wp-content\/uploads\/2024\/02\/AdobeStock_340013678-768x512.jpeg 768w, https:\/\/porofixsystem.pl\/wp-content\/uploads\/2024\/02\/AdobeStock_340013678-1536x1024.jpeg 1536w, https:\/\/porofixsystem.pl\/wp-content\/uploads\/2024\/02\/AdobeStock_340013678-2048x1365.jpeg 2048w\" sizes=\"auto, (max-width: 1024px) 100vw, 1024px\" \/><\/figure>\n<\/div>\n<\/div>\n<\/div>\n<\/div>\n\n\n\n<div class=\"wp-block-cover alignfull\" style=\"margin-top:var(--wp--preset--spacing--70);margin-bottom:var(--wp--preset--spacing--70);padding-top:var(--wp--preset--spacing--50);padding-bottom:var(--wp--preset--spacing--50);min-height:386px;aspect-ratio:unset;\"><span aria-hidden=\"true\" class=\"wp-block-cover__background has-background-dim-40 has-background-dim\" style=\"background-color:#000000\"><\/span><img loading=\"lazy\" decoding=\"async\" width=\"2560\" height=\"1138\" class=\"wp-block-cover__image-background wp-image-233\" alt=\"\" src=\"http:\/\/porofix.pl\/wp-content\/uploads\/2024\/02\/AdobeStock_366930396-scaled.jpeg\" data-object-fit=\"cover\" srcset=\"https:\/\/porofixsystem.pl\/wp-content\/uploads\/2024\/02\/AdobeStock_366930396-scaled.jpeg 2560w, https:\/\/porofixsystem.pl\/wp-content\/uploads\/2024\/02\/AdobeStock_366930396-300x133.jpeg 300w, https:\/\/porofixsystem.pl\/wp-content\/uploads\/2024\/02\/AdobeStock_366930396-1024x455.jpeg 1024w, https:\/\/porofixsystem.pl\/wp-content\/uploads\/2024\/02\/AdobeStock_366930396-768x341.jpeg 768w, https:\/\/porofixsystem.pl\/wp-content\/uploads\/2024\/02\/AdobeStock_366930396-1536x683.jpeg 1536w, https:\/\/porofixsystem.pl\/wp-content\/uploads\/2024\/02\/AdobeStock_366930396-2048x910.jpeg 2048w\" sizes=\"auto, (max-width: 2560px) 100vw, 2560px\" \/><div class=\"wp-block-cover__inner-container is-layout-flow wp-block-cover-is-layout-flow\">\n<h2 class=\"wp-block-heading alignwide has-white-color has-text-color\" style=\"font-size:clamp(27.894px, 1.743rem + ((1vw - 3.2px) * 2.452), 48px);line-height:1.2\"><strong>DO YOU WANT TO KNOW THE OFFER?                                    <br><\/strong>WE WILL CONTACT YOU!<\/h2>\n\n\n\n<div class=\"wp-block-columns alignwide is-layout-flex wp-container-core-columns-is-layout-28f84493 wp-block-columns-is-layout-flex\">\n<div class=\"wp-block-column is-layout-flow wp-block-column-is-layout-flow\" style=\"flex-basis:60%\">\n<div class=\"wp-block-buttons is-layout-flex wp-block-buttons-is-layout-flex\" style=\"margin-top:var(--wp--preset--spacing--30)\">\n<div class=\"wp-block-button is-style-outline is-style-outline--1\"><a class=\"wp-block-button__link has-ti-accent-background-color has-text-color has-background wp-element-button\" href=\"https:\/\/porofix.pl\/kontakt\/\" style=\"color:#ffffff\">CONTACT<\/a><\/div>\n<\/div>\n<\/div>\n\n\n\n<div class=\"wp-block-column is-layout-flow wp-block-column-is-layout-flow\"><\/div>\n<\/div>\n<\/div><\/div>\n\n\n\n<div class=\"wp-block-columns alignwide are-vertically-aligned-center is-layout-flex wp-container-core-columns-is-layout-28f84493 wp-block-columns-is-layout-flex\">\n<div class=\"wp-block-column is-vertically-aligned-center is-layout-flow wp-block-column-is-layout-flow\">\n<h2 class=\"wp-block-heading\">SOLAR PANELS, PHOTOVOLTAICS \u2013 ADVANTAGES<\/h2>\n\n\n\n<div class=\"wp-block-group is-layout-constrained wp-block-group-is-layout-constrained\">\n<p>Photovoltaic installations<strong> are increasingly<\/strong> used to generate electricity in homes, companies and farms.<\/p>\n\n\n\n<p>This is a guarantee of high savings thanks to lower real electricity bills - <strong>up to 90% reduction in electricity bills.<\/strong><\/p>\n\n\n\n<p>Additionally, photovoltaic panels contribute to <strong>ndependence from rising electricity prices<\/strong> and its supplies from external companies.<\/p>\n\n\n\n<p>Unlike conventional power plants,<strong> photovoltaic panels operate without causing air pollution.<\/strong><\/p>\n\n\n\n<p>The use of modules <strong>reduces the emission<\/strong> of harmful carbon dioxide into the atmosphere.&nbsp;<\/p>\n<\/div>\n<\/div>\n<\/div>\n\n\n\n<div class=\"wp-block-group alignfull is-layout-constrained wp-container-core-group-is-layout-92d4119c wp-block-group-is-layout-constrained\" style=\"margin-top:0px;margin-bottom:0px;padding-top:64px;padding-right:var(--wp--preset--spacing--20);padding-bottom:64px;padding-left:var(--wp--preset--spacing--20)\">\n<h2 class=\"wp-block-heading alignwide\">See too:<\/h2>\n\n\n\n<div class=\"wp-block-query alignwide is-layout-flow wp-block-query-is-layout-flow\"><ul class=\"columns-3 wp-block-post-template is-layout-grid wp-container-core-post-template-is-layout-6d3fbd8f wp-block-post-template-is-layout-grid\"><li class=\"wp-block-post post-1537 post type-post status-publish format-standard has-post-thumbnail hentry category-izolacja tag-aerogel tag-aerozel tag-izolacja tag-izolacja-cieplna tag-izolacja-przemyslowa tag-izolacja-termiczna tag-porogel\">\n<figure class=\"wp-block-post-featured-image\"><a href=\"https:\/\/porofixsystem.pl\/en\/izolacja-trojnikow-w-instalacji-przemyslowej-aerogel\/\" target=\"_self\"  ><img loading=\"lazy\" decoding=\"async\" width=\"2475\" height=\"1650\" src=\"https:\/\/porofixsystem.pl\/wp-content\/uploads\/2026\/03\/Izolacja-termiczna-trojnikow-rurociagow-z-Aerogelu.jpg\" class=\"attachment-post-thumbnail size-post-thumbnail wp-post-image\" alt=\"Izolacja termiczna tr\u00f3jnik\u00f3w w instalacji przemys\u0142owej &#8211; Aero\u017cel (Aerogel)\" style=\"object-fit:cover;\" srcset=\"https:\/\/porofixsystem.pl\/wp-content\/uploads\/2026\/03\/Izolacja-termiczna-trojnikow-rurociagow-z-Aerogelu.jpg 2475w, https:\/\/porofixsystem.pl\/wp-content\/uploads\/2026\/03\/Izolacja-termiczna-trojnikow-rurociagow-z-Aerogelu-300x200.jpg 300w, https:\/\/porofixsystem.pl\/wp-content\/uploads\/2026\/03\/Izolacja-termiczna-trojnikow-rurociagow-z-Aerogelu-1024x683.jpg 1024w, https:\/\/porofixsystem.pl\/wp-content\/uploads\/2026\/03\/Izolacja-termiczna-trojnikow-rurociagow-z-Aerogelu-768x512.jpg 768w, https:\/\/porofixsystem.pl\/wp-content\/uploads\/2026\/03\/Izolacja-termiczna-trojnikow-rurociagow-z-Aerogelu-1536x1024.jpg 1536w, https:\/\/porofixsystem.pl\/wp-content\/uploads\/2026\/03\/Izolacja-termiczna-trojnikow-rurociagow-z-Aerogelu-2048x1365.jpg 2048w, https:\/\/porofixsystem.pl\/wp-content\/uploads\/2026\/03\/Izolacja-termiczna-trojnikow-rurociagow-z-Aerogelu-18x12.jpg 18w\" sizes=\"auto, (max-width: 2475px) 100vw, 2475px\" \/><\/a><\/figure>\n\n<h3 class=\"wp-block-post-title\"><a href=\"https:\/\/porofixsystem.pl\/en\/izolacja-trojnikow-w-instalacji-przemyslowej-aerogel\/\" target=\"_self\" >Izolacja termiczna tr\u00f3jnik\u00f3w w instalacji przemys\u0142owej &#8211; Aero\u017cel (Aerogel)<\/a><\/h3>\n<\/li><li class=\"wp-block-post post-1533 post type-post status-publish format-standard has-post-thumbnail hentry category-izolacja tag-aerogel tag-aerozel tag-izolacja tag-izolacja-cieplna tag-izolacja-przemyslowa tag-izolacja-termiczna tag-porogel\">\n<figure class=\"wp-block-post-featured-image\"><a href=\"https:\/\/porofixsystem.pl\/en\/izolacja-kolan-w-instalacji-przemyslowej-aerogel\/\" target=\"_self\"  ><img loading=\"lazy\" decoding=\"async\" width=\"2475\" height=\"1650\" src=\"https:\/\/porofixsystem.pl\/wp-content\/uploads\/2026\/03\/Izolacja-termiczna-kolan-rurociagow-z-Aerogelu.jpg\" class=\"attachment-post-thumbnail size-post-thumbnail wp-post-image\" alt=\"Izolacja termiczna kolan w instalacji przemys\u0142owej &#8211; Aero\u017cel (Aerogel)\" style=\"object-fit:cover;\" srcset=\"https:\/\/porofixsystem.pl\/wp-content\/uploads\/2026\/03\/Izolacja-termiczna-kolan-rurociagow-z-Aerogelu.jpg 2475w, https:\/\/porofixsystem.pl\/wp-content\/uploads\/2026\/03\/Izolacja-termiczna-kolan-rurociagow-z-Aerogelu-300x200.jpg 300w, https:\/\/porofixsystem.pl\/wp-content\/uploads\/2026\/03\/Izolacja-termiczna-kolan-rurociagow-z-Aerogelu-1024x683.jpg 1024w, https:\/\/porofixsystem.pl\/wp-content\/uploads\/2026\/03\/Izolacja-termiczna-kolan-rurociagow-z-Aerogelu-768x512.jpg 768w, https:\/\/porofixsystem.pl\/wp-content\/uploads\/2026\/03\/Izolacja-termiczna-kolan-rurociagow-z-Aerogelu-1536x1024.jpg 1536w, https:\/\/porofixsystem.pl\/wp-content\/uploads\/2026\/03\/Izolacja-termiczna-kolan-rurociagow-z-Aerogelu-2048x1365.jpg 2048w, https:\/\/porofixsystem.pl\/wp-content\/uploads\/2026\/03\/Izolacja-termiczna-kolan-rurociagow-z-Aerogelu-18x12.jpg 18w\" sizes=\"auto, (max-width: 2475px) 100vw, 2475px\" \/><\/a><\/figure>\n\n<h3 class=\"wp-block-post-title\"><a href=\"https:\/\/porofixsystem.pl\/en\/izolacja-kolan-w-instalacji-przemyslowej-aerogel\/\" target=\"_self\" >Izolacja termiczna kolan w instalacji przemys\u0142owej &#8211; Aero\u017cel (Aerogel)<\/a><\/h3>\n<\/li><li class=\"wp-block-post post-1528 post type-post status-publish format-standard has-post-thumbnail hentry category-izolacja tag-aerogel tag-aerozel tag-izolacja tag-izolacja-cieplna tag-izolacja-przemyslowa tag-izolacja-termiczna tag-porogel\">\n<figure class=\"wp-block-post-featured-image\"><a href=\"https:\/\/porofixsystem.pl\/en\/izolacja-niestandardowych-elementow-instalacji\/\" target=\"_self\"  ><img loading=\"lazy\" decoding=\"async\" width=\"2475\" height=\"1650\" src=\"https:\/\/porofixsystem.pl\/wp-content\/uploads\/2026\/02\/izolacja-niestandardowych-elementow-instalacji.jpg\" class=\"attachment-post-thumbnail size-post-thumbnail wp-post-image\" alt=\"Izolacja niestandardowych element\u00f3w instalacji &#8211; Aero\u017cel (Aerogel)\" style=\"object-fit:cover;\" srcset=\"https:\/\/porofixsystem.pl\/wp-content\/uploads\/2026\/02\/izolacja-niestandardowych-elementow-instalacji.jpg 2475w, https:\/\/porofixsystem.pl\/wp-content\/uploads\/2026\/02\/izolacja-niestandardowych-elementow-instalacji-300x200.jpg 300w, https:\/\/porofixsystem.pl\/wp-content\/uploads\/2026\/02\/izolacja-niestandardowych-elementow-instalacji-1024x683.jpg 1024w, https:\/\/porofixsystem.pl\/wp-content\/uploads\/2026\/02\/izolacja-niestandardowych-elementow-instalacji-768x512.jpg 768w, https:\/\/porofixsystem.pl\/wp-content\/uploads\/2026\/02\/izolacja-niestandardowych-elementow-instalacji-1536x1024.jpg 1536w, https:\/\/porofixsystem.pl\/wp-content\/uploads\/2026\/02\/izolacja-niestandardowych-elementow-instalacji-2048x1365.jpg 2048w, https:\/\/porofixsystem.pl\/wp-content\/uploads\/2026\/02\/izolacja-niestandardowych-elementow-instalacji-18x12.jpg 18w\" sizes=\"auto, (max-width: 2475px) 100vw, 2475px\" \/><\/a><\/figure>\n\n<h3 class=\"wp-block-post-title\"><a href=\"https:\/\/porofixsystem.pl\/en\/izolacja-niestandardowych-elementow-instalacji\/\" target=\"_self\" >Izolacja niestandardowych element\u00f3w instalacji &#8211; Aero\u017cel (Aerogel)<\/a><\/h3>\n<\/li><\/ul>\n\n<\/div>\n<\/div>","protected":false},"excerpt":{"rendered":"<p>ENERGIA Z S\u0141O\u0143CA: KORZY\u015aCI FOTOWOLTAIKI Energia elektryczna mo\u017ce by\u0107 produkowana w spos\u00f3b przyjazny dla \u015brodowiska, a rozwi\u0105zaniem umo\u017cliwiaj\u0105cym to jest fotowoltaika. Przydomowe elektrownie s\u0142oneczne nie tylko chroni\u0105 nasz\u0105 planet\u0119, ale tak\u017ce przynosz\u0105 korzy\u015bci finansowe. Dzi\u0119ki nim mo\u017cna osi\u0105gn\u0105\u0107 niezale\u017cno\u015b\u0107 energetyczn\u0105 i unikn\u0105\u0107 skokowych podwy\u017cek cen pr\u0105du na przestrzeni wielu lat. To w\u0142a\u015bnie dlatego coraz wi\u0119cej [&hellip;]<\/p>\n","protected":false},"author":1,"featured_media":233,"parent":0,"menu_order":0,"comment_status":"closed","ping_status":"closed","template":"","meta":{"footnotes":""},"categories":[],"tags":[],"class_list":["post-543","page","type-page","status-publish","has-post-thumbnail","hentry"],"yoast_head":"<!-- This site is optimized with the Yoast SEO plugin v27.4 - https:\/\/yoast.com\/product\/yoast-seo-wordpress\/ -->\n<title>FOTOWOLTAIKA | Porofix System<\/title>\n<meta name=\"description\" content=\"Nasza oferta fotowoltaiki to klucz do osi\u0105gni\u0119cia ogromnych oszcz\u0119dno\u015bci. Zainwestuj w energi\u0119 odnawialn\u0105 ju\u017c teraz! Fotowoltaika!\" \/>\n<meta name=\"robots\" content=\"index, follow, max-snippet:-1, max-image-preview:large, max-video-preview:-1\" \/>\n<link rel=\"canonical\" href=\"https:\/\/porofixsystem.pl\/en\/fotowoltaika\/\" \/>\n<meta property=\"og:locale\" content=\"en_GB\" \/>\n<meta property=\"og:type\" content=\"article\" \/>\n<meta property=\"og:title\" content=\"FOTOWOLTAIKA | Porofix System\" \/>\n<meta property=\"og:description\" content=\"Nasza oferta fotowoltaiki to klucz do osi\u0105gni\u0119cia ogromnych oszcz\u0119dno\u015bci. Zainwestuj w energi\u0119 odnawialn\u0105 ju\u017c teraz! Fotowoltaika!\" \/>\n<meta property=\"og:url\" content=\"https:\/\/porofixsystem.pl\/en\/fotowoltaika\/\" \/>\n<meta property=\"og:site_name\" content=\"Porofix System\" \/>\n<meta property=\"article:publisher\" content=\"https:\/\/www.facebook.com\/porofixsystem\" \/>\n<meta property=\"article:modified_time\" content=\"2024-03-06T19:27:53+00:00\" \/>\n<meta property=\"og:image\" content=\"https:\/\/porofixsystem.pl\/wp-content\/uploads\/2024\/02\/AdobeStock_366930396-scaled.jpeg\" \/>\n\t<meta property=\"og:image:width\" content=\"2560\" \/>\n\t<meta property=\"og:image:height\" content=\"1138\" \/>\n\t<meta property=\"og:image:type\" content=\"image\/jpeg\" \/>\n<meta name=\"twitter:card\" content=\"summary_large_image\" \/>\n<meta name=\"twitter:label1\" content=\"Estimated reading time\" \/>\n\t<meta name=\"twitter:data1\" content=\"3 minutes\" \/>\n<script type=\"application\/ld+json\" class=\"yoast-schema-graph\">{\"@context\":\"https:\\\/\\\/schema.org\",\"@graph\":[{\"@type\":\"WebPage\",\"@id\":\"https:\\\/\\\/porofixsystem.pl\\\/fotowoltaika\\\/\",\"url\":\"https:\\\/\\\/porofixsystem.pl\\\/fotowoltaika\\\/\",\"name\":\"FOTOWOLTAIKA | Porofix System\",\"isPartOf\":{\"@id\":\"https:\\\/\\\/porofixsystem.pl\\\/#website\"},\"primaryImageOfPage\":{\"@id\":\"https:\\\/\\\/porofixsystem.pl\\\/fotowoltaika\\\/#primaryimage\"},\"image\":{\"@id\":\"https:\\\/\\\/porofixsystem.pl\\\/fotowoltaika\\\/#primaryimage\"},\"thumbnailUrl\":\"https:\\\/\\\/porofixsystem.pl\\\/wp-content\\\/uploads\\\/2024\\\/02\\\/AdobeStock_366930396-scaled.jpeg\",\"datePublished\":\"2024-02-17T19:53:51+00:00\",\"dateModified\":\"2024-03-06T19:27:53+00:00\",\"description\":\"Nasza oferta fotowoltaiki to klucz do osi\u0105gni\u0119cia ogromnych oszcz\u0119dno\u015bci. Zainwestuj w energi\u0119 odnawialn\u0105 ju\u017c teraz! Fotowoltaika!\",\"inLanguage\":\"en-GB\",\"potentialAction\":[{\"@type\":\"ReadAction\",\"target\":[\"https:\\\/\\\/porofixsystem.pl\\\/fotowoltaika\\\/\"]}]},{\"@type\":\"ImageObject\",\"inLanguage\":\"en-GB\",\"@id\":\"https:\\\/\\\/porofixsystem.pl\\\/fotowoltaika\\\/#primaryimage\",\"url\":\"https:\\\/\\\/porofixsystem.pl\\\/wp-content\\\/uploads\\\/2024\\\/02\\\/AdobeStock_366930396-scaled.jpeg\",\"contentUrl\":\"https:\\\/\\\/porofixsystem.pl\\\/wp-content\\\/uploads\\\/2024\\\/02\\\/AdobeStock_366930396-scaled.jpeg\",\"width\":2560,\"height\":1138,\"caption\":\"Solar panels array system. Photovoltaic, clean energy technology - power and electricity\"},{\"@type\":\"WebSite\",\"@id\":\"https:\\\/\\\/porofixsystem.pl\\\/#website\",\"url\":\"https:\\\/\\\/porofixsystem.pl\\\/\",\"name\":\"Porofix System\",\"description\":\"IZOLACJA TERMICZNA CIEPLNA TECHNICZNA DLA FIRMY I DOMU\",\"publisher\":{\"@id\":\"https:\\\/\\\/porofixsystem.pl\\\/#organization\"},\"potentialAction\":[{\"@type\":\"SearchAction\",\"target\":{\"@type\":\"EntryPoint\",\"urlTemplate\":\"https:\\\/\\\/porofixsystem.pl\\\/?s={search_term_string}\"},\"query-input\":{\"@type\":\"PropertyValueSpecification\",\"valueRequired\":true,\"valueName\":\"search_term_string\"}}],\"inLanguage\":\"en-GB\"},{\"@type\":\"Organization\",\"@id\":\"https:\\\/\\\/porofixsystem.pl\\\/#organization\",\"name\":\"Porofix System\",\"url\":\"https:\\\/\\\/porofixsystem.pl\\\/\",\"logo\":{\"@type\":\"ImageObject\",\"inLanguage\":\"en-GB\",\"@id\":\"https:\\\/\\\/porofixsystem.pl\\\/#\\\/schema\\\/logo\\\/image\\\/\",\"url\":\"https:\\\/\\\/porofixsystem.pl\\\/wp-content\\\/uploads\\\/2024\\\/02\\\/cropped-Logo-Porofix-System-jakosc.png\",\"contentUrl\":\"https:\\\/\\\/porofixsystem.pl\\\/wp-content\\\/uploads\\\/2024\\\/02\\\/cropped-Logo-Porofix-System-jakosc.png\",\"width\":200,\"height\":74,\"caption\":\"Porofix System\"},\"image\":{\"@id\":\"https:\\\/\\\/porofixsystem.pl\\\/#\\\/schema\\\/logo\\\/image\\\/\"},\"sameAs\":[\"https:\\\/\\\/www.facebook.com\\\/porofixsystem\"]}]}<\/script>\n<!-- \/ Yoast SEO plugin. -->","yoast_head_json":{"title":"FOTOWOLTAIKA | Porofix System","description":"Nasza oferta fotowoltaiki to klucz do osi\u0105gni\u0119cia ogromnych oszcz\u0119dno\u015bci. Zainwestuj w energi\u0119 odnawialn\u0105 ju\u017c teraz! Fotowoltaika!","robots":{"index":"index","follow":"follow","max-snippet":"max-snippet:-1","max-image-preview":"max-image-preview:large","max-video-preview":"max-video-preview:-1"},"canonical":"https:\/\/porofixsystem.pl\/en\/fotowoltaika\/","og_locale":"en_GB","og_type":"article","og_title":"FOTOWOLTAIKA | Porofix System","og_description":"Nasza oferta fotowoltaiki to klucz do osi\u0105gni\u0119cia ogromnych oszcz\u0119dno\u015bci. Zainwestuj w energi\u0119 odnawialn\u0105 ju\u017c teraz! Fotowoltaika!","og_url":"https:\/\/porofixsystem.pl\/en\/fotowoltaika\/","og_site_name":"Porofix System","article_publisher":"https:\/\/www.facebook.com\/porofixsystem","article_modified_time":"2024-03-06T19:27:53+00:00","og_image":[{"width":2560,"height":1138,"url":"https:\/\/porofixsystem.pl\/wp-content\/uploads\/2024\/02\/AdobeStock_366930396-scaled.jpeg","type":"image\/jpeg"}],"twitter_card":"summary_large_image","twitter_misc":{"Estimated reading time":"3 minutes"},"schema":{"@context":"https:\/\/schema.org","@graph":[{"@type":"WebPage","@id":"https:\/\/porofixsystem.pl\/fotowoltaika\/","url":"https:\/\/porofixsystem.pl\/fotowoltaika\/","name":"FOTOWOLTAIKA | Porofix System","isPartOf":{"@id":"https:\/\/porofixsystem.pl\/#website"},"primaryImageOfPage":{"@id":"https:\/\/porofixsystem.pl\/fotowoltaika\/#primaryimage"},"image":{"@id":"https:\/\/porofixsystem.pl\/fotowoltaika\/#primaryimage"},"thumbnailUrl":"https:\/\/porofixsystem.pl\/wp-content\/uploads\/2024\/02\/AdobeStock_366930396-scaled.jpeg","datePublished":"2024-02-17T19:53:51+00:00","dateModified":"2024-03-06T19:27:53+00:00","description":"Nasza oferta fotowoltaiki to klucz do osi\u0105gni\u0119cia ogromnych oszcz\u0119dno\u015bci. Zainwestuj w energi\u0119 odnawialn\u0105 ju\u017c teraz! Fotowoltaika!","inLanguage":"en-GB","potentialAction":[{"@type":"ReadAction","target":["https:\/\/porofixsystem.pl\/fotowoltaika\/"]}]},{"@type":"ImageObject","inLanguage":"en-GB","@id":"https:\/\/porofixsystem.pl\/fotowoltaika\/#primaryimage","url":"https:\/\/porofixsystem.pl\/wp-content\/uploads\/2024\/02\/AdobeStock_366930396-scaled.jpeg","contentUrl":"https:\/\/porofixsystem.pl\/wp-content\/uploads\/2024\/02\/AdobeStock_366930396-scaled.jpeg","width":2560,"height":1138,"caption":"Solar panels array system. Photovoltaic, clean energy technology - power and electricity"},{"@type":"WebSite","@id":"https:\/\/porofixsystem.pl\/#website","url":"https:\/\/porofixsystem.pl\/","name":"product","description":"IZOLACJA TERMICZNA CIEPLNA TECHNICZNA DLA FIRMY I DOMU","publisher":{"@id":"https:\/\/porofixsystem.pl\/#organization"},"potentialAction":[{"@type":"SearchAction","target":{"@type":"EntryPoint","urlTemplate":"https:\/\/porofixsystem.pl\/?s={search_term_string}"},"query-input":{"@type":"PropertyValueSpecification","valueRequired":true,"valueName":"search_term_string"}}],"inLanguage":"en-GB"},{"@type":"Organization","@id":"https:\/\/porofixsystem.pl\/#organization","name":"product","url":"https:\/\/porofixsystem.pl\/","logo":{"@type":"ImageObject","inLanguage":"en-GB","@id":"https:\/\/porofixsystem.pl\/#\/schema\/logo\/image\/","url":"https:\/\/porofixsystem.pl\/wp-content\/uploads\/2024\/02\/cropped-Logo-Porofix-System-jakosc.png","contentUrl":"https:\/\/porofixsystem.pl\/wp-content\/uploads\/2024\/02\/cropped-Logo-Porofix-System-jakosc.png","width":200,"height":74,"caption":"Porofix System"},"image":{"@id":"https:\/\/porofixsystem.pl\/#\/schema\/logo\/image\/"},"sameAs":["https:\/\/www.facebook.com\/porofixsystem"]}]}},"_links":{"self":[{"href":"https:\/\/porofixsystem.pl\/en\/wp-json\/wp\/v2\/pages\/543","targetHints":{"allow":["GET"]}}],"collection":[{"href":"https:\/\/porofixsystem.pl\/en\/wp-json\/wp\/v2\/pages"}],"about":[{"href":"https:\/\/porofixsystem.pl\/en\/wp-json\/wp\/v2\/types\/page"}],"author":[{"embeddable":true,"href":"https:\/\/porofixsystem.pl\/en\/wp-json\/wp\/v2\/users\/1"}],"replies":[{"embeddable":true,"href":"https:\/\/porofixsystem.pl\/en\/wp-json\/wp\/v2\/comments?post=543"}],"version-history":[{"count":6,"href":"https:\/\/porofixsystem.pl\/en\/wp-json\/wp\/v2\/pages\/543\/revisions"}],"predecessor-version":[{"id":888,"href":"https:\/\/porofixsystem.pl\/en\/wp-json\/wp\/v2\/pages\/543\/revisions\/888"}],"wp:featuredmedia":[{"embeddable":true,"href":"https:\/\/porofixsystem.pl\/en\/wp-json\/wp\/v2\/media\/233"}],"wp:attachment":[{"href":"https:\/\/porofixsystem.pl\/en\/wp-json\/wp\/v2\/media?parent=543"}],"wp:term":[{"taxonomy":"category","embeddable":true,"href":"https:\/\/porofixsystem.pl\/en\/wp-json\/wp\/v2\/categories?post=543"},{"taxonomy":"post_tag","embeddable":true,"href":"https:\/\/porofixsystem.pl\/en\/wp-json\/wp\/v2\/tags?post=543"}],"curies":[{"name":"wp","href":"https:\/\/api.w.org\/{rel}","templated":true}]}}